{"id":53823,"date":"2024-11-15T07:17:01","date_gmt":"2024-11-15T11:17:01","guid":{"rendered":"https:\/\/mayaguezmall.com\/terminos-y-condiciones\/"},"modified":"2024-11-15T07:18:01","modified_gmt":"2024-11-15T11:18:01","slug":"terminos-y-condiciones","status":"publish","type":"page","link":"https:\/\/mayaguezmall.com\/en\/terminos-y-condiciones\/","title":{"rendered":"Terms and Conditions"},"content":{"rendered":"<div class=\"wpb-content-wrapper\"><p>[vc_row][vc_column][vc_column_text css=&#8221;&#8221;]Favor de leer detalladamente los T\u00e9rminos y Condiciones (\u201cT\u00e9rminos\u201d o \u201cT\u00e9rminos y Condiciones\u201d) previo a utilizar la p\u00e1gina web de Mayag\u00fcez Mall en www.mayaguezmall.com (el \u201cservicio\u201d, \u201cp\u00e1gina web\u201d o \u201cportal\u201d) operada por Empresas Puertorrique\u00f1as de Desarrollo, Inc. (\u201cnosotros\u201d, \u201cnuestro\u201d o \u201cnuestra\u201d).<\/p>\n<p>El acceso y utilizaci\u00f3n de este servicio es condicionado a su aceptaci\u00f3n y cumplimiento de estos T\u00e9rminos. Estos T\u00e9rminos aplican a todos sus visitantes, usuarios y otros quienes acedan o utilicen el servicio.<\/p>\n<p>Al acceder o utilizar el servicio, usted acepta a regirse por estos T\u00e9rminos y Condiciones y por nuestra pol\u00edtica de privacidad. Si usted no est\u00e1 de acuerdo con alguna clausula de estos T\u00e9rminos, favor de no acceder a el servicio.<\/p>\n<p>Condiciones de uso<br \/>\nUsted acepta a utilizar el servicio solo para su uso personal y no para otro prop\u00f3sito o prop\u00f3sitos. Usted utilizar\u00e1 el servicio en conformidad con los T\u00e9rminos y asume cualquier responsabilidad que resulte en la violaci\u00f3n de los T\u00e9rminos. Usted no utilizar\u00e1 la p\u00e1gina web de ninguna manera que cause, o tomar\u00e1 acci\u00f3n que pueda causar, da\u00f1o y\/o impedimento del desempe\u00f1o, disposici\u00f3n o accesibilidad del servicio. Nosotros tomaremos acci\u00f3n legal contra usted, al m\u00e1ximo nivel permitido por ley, si viola alguno de los T\u00e9rminos y Condiciones.<\/p>\n<p>Enlaces a otras p\u00e1ginas en la web<br \/>\nNuestro servicio puede contener enlaces a portales de terceros o servicios que no son nuestra propiedad o controlados por nosotros. No tenemos control sobre, y no asumimos responsabilidad por, el contenido, las pol\u00edticas de privacidad o pr\u00e1cticas de cualquier servicio o portales de terceros. Usted reconoce y acepta que nosotros no somos responsables, directa o indirectamente, por cualquier da\u00f1o o p\u00e9rdida causado o supuestamente causado, o en conexi\u00f3n con el uso, o en dependencia de cualquier contenido, bienes o servicios disponibles en o a trav\u00e9s de cualquiera de dichas p\u00e1ginas web o servicios. Favor de revisar las condiciones de uso de todos los portales de terceros para m\u00e1s informaci\u00f3n sobre los T\u00e9rminos y Condiciones que le aplican a su utilizaci\u00f3n de p\u00e1ginas web de terceros.<\/p>\n<p>Derechos propietarios<br \/>\nTodo contenido incluido o constatado en la p\u00e1gina web, incluido sin limitaci\u00f3n, informaci\u00f3n, data, software, fotograf\u00edas, im\u00e1genes, videos, tipograf\u00eda, gr\u00e1ficas, m\u00fasica, sonido y cualquier otro material (\u201ccontenido\u201d colectivo) es protegido por el derecho de autor, marca, patente u otro derecho propietario; y estos derechos son validos y protegidos de toda forma, medio y tecnolog\u00eda existente o desarrollada en un futuro. Nada en los T\u00e9rminos le garantiza el derecho o licencia a utilizar cualquier marca registrada, derecho de dise\u00f1o o material de derecho de autor. No puede remover, modificar, copiar, a\u00f1adir, publicar, transmitir o crear material derivado; o en alguna manera abusar de cualquier contenido, en parte o por completo. Est\u00e1 expresamente prohibido crear enlaces a cualquiera de las partes de la p\u00e1gina web.<\/p>\n<p>Cambios<br \/>\nNos reservamos el derecho, a nuestra exclusiva discreci\u00f3n, a modificar o reemplazar estos T\u00e9rminos y Condiciones en cualquier momento y por cualquier raz\u00f3n. El uso continuo de nuestra p\u00e1gina web, luego de subir a la red las modificaciones en los T\u00e9rminos y Condiciones, estar\u00e1 sujeto a los T\u00e9rminos que se encuentren en efecto al momento de su utilizaci\u00f3n. Favor de revisar peri\u00f3dicamente los T\u00e9rminos y Condiciones para cambios. Si usted objeta cualquier clausula de estos T\u00e9rminos, o cualquier modificaci\u00f3n subsiguiente al mismo, o se encuentra insatisfecho con nuestra p\u00e1gina web; su \u00fanico recurso es terminar inmediatamente con el uso de nuestra p\u00e1gina web.<\/p>\n<p>Interrupci\u00f3n<br \/>\nNosotros podemos interrumpir o suspender inmediatamente el acceso a nuestro servicio, sin previo aviso, explicaci\u00f3n o responsabilidad; por cualquier raz\u00f3n, inclusive sin limitaci\u00f3n si usted viola los T\u00e9rminos. Todas las estipulaciones de los T\u00e9rminos, que por naturaleza sobreviven a la interrupci\u00f3n, deber\u00e1n sobrevivir la interrupci\u00f3n; incluida, sin limitaci\u00f3n a las clausulas de propiedad, declaraci\u00f3n de garant\u00eda, indemnizaci\u00f3n y limitaci\u00f3n de responsabilidad. Nosotros nos reservamos el derecho, a nuestra absoluta discreci\u00f3n, a terminar el servicio completamente.<\/p>\n<p>Declaraci\u00f3n y limitaci\u00f3n de responsabilidad<br \/>\nEste servicio esta disponible para usted en base de \u201cCOMO ES\u201d y \u201cCOMO DISPONIBLE\u201d. Nosotros no hacemos representaciones ni garant\u00edas de ninguna clase, expresa o impl\u00edcita, a la operaci\u00f3n de la p\u00e1gina web o a la informaci\u00f3n, contenido, materiales, productos u otros servicios incluidos, o de otra manera disponible para usted, a trav\u00e9s de la p\u00e1gina web. La utilizaci\u00f3n de la p\u00e1gina web es a su propio riesgo. Nosotros no garantizamos que la p\u00e1gina web, u otros servicios disponibles a trav\u00e9s de la p\u00e1gina web, est\u00e9n libres de virus o componentes da\u00f1inos.<\/p>\n<p>A trav\u00e9s de lo m\u00e1ximo permitido por ley, nosotros negamos toda garant\u00eda, expresa o impl\u00edcita, incluida pero no limitada, a garant\u00edas impl\u00edcitas de comercializaci\u00f3n y adecuadas para un prop\u00f3sito particular. Nosotros no somos responsables, hacia usted, por alg\u00fan da\u00f1o de cualquier tipo como resultado del uso de la p\u00e1gina web o de cualquier contenido, material, productos u otros servicios incluidos; o de otra manera disponible para usted, a trav\u00e9s de la p\u00e1gina web, incluido pero no limitada a da\u00f1os indirectos, fortuitos o relevantes.<\/p>\n<p>Leyes aplicables<br \/>\nLas leyes del Estado Libre Asociado de Puerto Rico y cualquier Ley Federal aplicable, regir\u00e1n el uso de estos T\u00e9rminos y Condiciones. El Federal Arbitration Act aplicar\u00e1 a cualquier disputa o reclamaci\u00f3n a presentarse por o en relaci\u00f3n de alguna manera al uso de este servicio.<\/p>\n<p>&nbsp;<\/p>\n<p>Disputas<br \/>\nExcepto por alguna acci\u00f3n presentada por nosotros para dictaminar alguna violaci\u00f3n o el mal uso de los derechos de propiedad intelectual u otro mal uso del servicio, el cual presentaremos acci\u00f3n en una corte con jurisdicci\u00f3n competente, cualquier disputa o reclamo proveniente de usted, o relacionado de alguna manera al uso de esta p\u00e1gina web, ser\u00e1 resuelto solamente por el arbitraje coercitivo de acuerdo al Federal Arbitration Act. Al aceptar al uso exclusivo de la resoluci\u00f3n del proceso de arbitraje, usted desiste del derecho a mantener cualquier otro proceso disponible de resoluci\u00f3n. El procesamiento de arbitraje ser\u00e1 llevado a cabo bajo las reglas de American Arbitration Association (AAA).<\/p>\n<p>&nbsp;<\/p>\n<p>Contactos<br \/>\nDe tener alguna pregunta referente a estos T\u00e9rminos, favor de contactarnos.[\/vc_column_text][\/vc_column][\/vc_row]<\/p>\n<\/div>","protected":false},"excerpt":{"rendered":"<p>[vc_row][vc_column][vc_column_text css=&#8221;&#8221;]Favor de leer detalladamente los T\u00e9rminos y Condiciones (\u201cT\u00e9rminos\u201d o \u201cT\u00e9rminos y Condiciones\u201d) previo a utilizar la p\u00e1gina web [&hellip;]<\/p>\n","protected":false},"author":10,"featured_media":0,"parent":0,"menu_order":0,"comment_status":"closed","ping_status":"closed","template":"","meta":{"_acf_changed":false,"inline_featured_image":false,"site-sidebar-layout":"no-sidebar","site-content-layout":"plain-container","ast-site-content-layout":"default","site-content-style":"default","site-sidebar-style":"default","ast-global-header-display":"","ast-banner-title-visibility":"","ast-main-header-display":"","ast-hfb-above-header-display":"","ast-hfb-below-header-display":"","ast-hfb-mobile-header-display":"","site-post-title":"disabled","ast-breadcrumbs-content":"","ast-featured-img":"disabled","footer-sml-layout":"","theme-transparent-header-meta":"default","adv-header-id-meta":"","stick-header-meta":"default","header-above-stick-meta":"","header-main-stick-meta":"","header-below-stick-meta":"","astra-migrate-meta-layouts":"set","ast-page-background-enabled":"default","ast-page-background-meta":{"desktop":{"background-color":"var(--ast-global-color-4)","background-image":"","background-repeat":"repeat","background-position":"center center","background-size":"auto","background-attachment":"scroll","background-type":"","background-media":"","overlay-type":"","overlay-color":"","overlay-opacity":"","overlay-gradient":""},"tablet":{"background-color":"","background-image":"","background-repeat":"repeat","background-position":"center center","background-size":"auto","background-attachment":"scroll","background-type":"","background-media":"","overlay-type":"","overlay-color":"","overlay-opacity":"","overlay-gradient":""},"mobile":{"background-color":"","background-image":"","background-repeat":"repeat","background-position":"center center","background-size":"auto","background-attachment":"scroll","background-type":"","background-media":"","overlay-type":"","overlay-color":"","overlay-opacity":"","overlay-gradient":""}},"ast-content-background-meta":{"desktop":{"background-color":"var(--ast-global-color-5)","background-image":"","background-repeat":"repeat","background-position":"center center","background-size":"auto","background-attachment":"scroll","background-type":"","background-media":"","overlay-type":"","overlay-color":"","overlay-opacity":"","overlay-gradient":""},"tablet":{"background-color":"var(--ast-global-color-5)","background-image":"","background-repeat":"repeat","background-position":"center center","background-size":"auto","background-attachment":"scroll","background-type":"","background-media":"","overlay-type":"","overlay-color":"","overlay-opacity":"","overlay-gradient":""},"mobile":{"background-color":"var(--ast-global-color-5)","background-image":"","background-repeat":"repeat","background-position":"center center","background-size":"auto","background-attachment":"scroll","background-type":"","background-media":"","overlay-type":"","overlay-color":"","overlay-opacity":"","overlay-gradient":""}},"footnotes":""},"class_list":["post-53823","page","type-page","status-publish","hentry"],"acf":[],"yoast_head":"<!-- This site is optimized with the Yoast SEO plugin v25.3.1 - https:\/\/yoast.com\/wordpress\/plugins\/seo\/ -->\n<title>Terms and Conditions | Mayaguez Mall<\/title>\n<meta name=\"robots\" content=\"index, follow, max-snippet:-1, max-image-preview:large, max-video-preview:-1\" \/>\n<link rel=\"canonical\" href=\"https:\/\/mayaguezmall.com\/en\/terminos-y-condiciones\/\" \/>\n<meta property=\"og:locale\" content=\"en_US\" \/>\n<meta property=\"og:type\" content=\"article\" \/>\n<meta property=\"og:title\" content=\"Terms and Conditions | Mayaguez Mall\" \/>\n<meta property=\"og:description\" content=\"[vc_row][vc_column][vc_column_text css=&#8221;&#8221;]Favor de leer detalladamente los T\u00e9rminos y Condiciones (\u201cT\u00e9rminos\u201d o \u201cT\u00e9rminos y Condiciones\u201d) previo a utilizar la p\u00e1gina web [&hellip;]\" \/>\n<meta property=\"og:url\" content=\"https:\/\/mayaguezmall.com\/en\/terminos-y-condiciones\/\" \/>\n<meta property=\"og:site_name\" content=\"Mayaguez Mall\" \/>\n<meta property=\"article:modified_time\" content=\"2024-11-15T11:18:01+00:00\" \/>\n<meta name=\"twitter:card\" content=\"summary_large_image\" \/>\n<meta name=\"twitter:label1\" content=\"Est. reading time\" \/>\n\t<meta name=\"twitter:data1\" content=\"5 minutes\" \/>\n<script type=\"application\/ld+json\" class=\"yoast-schema-graph\">{\"@context\":\"https:\/\/schema.org\",\"@graph\":[{\"@type\":\"WebPage\",\"@id\":\"https:\/\/mayaguezmall.com\/en\/terminos-y-condiciones\/\",\"url\":\"https:\/\/mayaguezmall.com\/en\/terminos-y-condiciones\/\",\"name\":\"Terms and Conditions | Mayaguez Mall\",\"isPartOf\":{\"@id\":\"https:\/\/mayaguezmall.com\/en\/#website\"},\"datePublished\":\"2024-11-15T11:17:01+00:00\",\"dateModified\":\"2024-11-15T11:18:01+00:00\",\"breadcrumb\":{\"@id\":\"https:\/\/mayaguezmall.com\/en\/terminos-y-condiciones\/#breadcrumb\"},\"inLanguage\":\"en-US\",\"potentialAction\":[{\"@type\":\"ReadAction\",\"target\":[\"https:\/\/mayaguezmall.com\/en\/terminos-y-condiciones\/\"]}]},{\"@type\":\"BreadcrumbList\",\"@id\":\"https:\/\/mayaguezmall.com\/en\/terminos-y-condiciones\/#breadcrumb\",\"itemListElement\":[{\"@type\":\"ListItem\",\"position\":1,\"name\":\"Home\",\"item\":\"https:\/\/mayaguezmall.com\/en\/\"},{\"@type\":\"ListItem\",\"position\":2,\"name\":\"Terms and Conditions\"}]},{\"@type\":\"WebSite\",\"@id\":\"https:\/\/mayaguezmall.com\/en\/#website\",\"url\":\"https:\/\/mayaguezmall.com\/en\/\",\"name\":\"Mayaguez Mall\",\"description\":\"Tu punto de encuentro\",\"publisher\":{\"@id\":\"https:\/\/mayaguezmall.com\/en\/#organization\"},\"potentialAction\":[{\"@type\":\"SearchAction\",\"target\":{\"@type\":\"EntryPoint\",\"urlTemplate\":\"https:\/\/mayaguezmall.com\/en\/?s={search_term_string}\"},\"query-input\":{\"@type\":\"PropertyValueSpecification\",\"valueRequired\":true,\"valueName\":\"search_term_string\"}}],\"inLanguage\":\"en-US\"},{\"@type\":\"Organization\",\"@id\":\"https:\/\/mayaguezmall.com\/en\/#organization\",\"name\":\"Mayaguez Mall\",\"url\":\"https:\/\/mayaguezmall.com\/en\/\",\"logo\":{\"@type\":\"ImageObject\",\"inLanguage\":\"en-US\",\"@id\":\"https:\/\/mayaguezmall.com\/en\/#\/schema\/logo\/image\/\",\"url\":\"https:\/\/mayaguezmall.com\/wp-content\/uploads\/2025\/07\/MM-Logo-2025-Blue-Horizontal.svg\",\"contentUrl\":\"https:\/\/mayaguezmall.com\/wp-content\/uploads\/2025\/07\/MM-Logo-2025-Blue-Horizontal.svg\",\"caption\":\"Mayaguez Mall\"},\"image\":{\"@id\":\"https:\/\/mayaguezmall.com\/en\/#\/schema\/logo\/image\/\"}}]}<\/script>\n<!-- \/ Yoast SEO plugin. -->","yoast_head_json":{"title":"Terms and Conditions | Mayaguez Mall","robots":{"index":"index","follow":"follow","max-snippet":"max-snippet:-1","max-image-preview":"max-image-preview:large","max-video-preview":"max-video-preview:-1"},"canonical":"https:\/\/mayaguezmall.com\/en\/terminos-y-condiciones\/","og_locale":"en_US","og_type":"article","og_title":"Terms and Conditions | Mayaguez Mall","og_description":"[vc_row][vc_column][vc_column_text css=&#8221;&#8221;]Favor de leer detalladamente los T\u00e9rminos y Condiciones (\u201cT\u00e9rminos\u201d o \u201cT\u00e9rminos y Condiciones\u201d) previo a utilizar la p\u00e1gina web [&hellip;]","og_url":"https:\/\/mayaguezmall.com\/en\/terminos-y-condiciones\/","og_site_name":"Mayaguez Mall","article_modified_time":"2024-11-15T11:18:01+00:00","twitter_card":"summary_large_image","twitter_misc":{"Est. reading time":"5 minutes"},"schema":{"@context":"https:\/\/schema.org","@graph":[{"@type":"WebPage","@id":"https:\/\/mayaguezmall.com\/en\/terminos-y-condiciones\/","url":"https:\/\/mayaguezmall.com\/en\/terminos-y-condiciones\/","name":"Terms and Conditions | Mayaguez Mall","isPartOf":{"@id":"https:\/\/mayaguezmall.com\/en\/#website"},"datePublished":"2024-11-15T11:17:01+00:00","dateModified":"2024-11-15T11:18:01+00:00","breadcrumb":{"@id":"https:\/\/mayaguezmall.com\/en\/terminos-y-condiciones\/#breadcrumb"},"inLanguage":"en-US","potentialAction":[{"@type":"ReadAction","target":["https:\/\/mayaguezmall.com\/en\/terminos-y-condiciones\/"]}]},{"@type":"BreadcrumbList","@id":"https:\/\/mayaguezmall.com\/en\/terminos-y-condiciones\/#breadcrumb","itemListElement":[{"@type":"ListItem","position":1,"name":"Home","item":"https:\/\/mayaguezmall.com\/en\/"},{"@type":"ListItem","position":2,"name":"Terms and Conditions"}]},{"@type":"WebSite","@id":"https:\/\/mayaguezmall.com\/en\/#website","url":"https:\/\/mayaguezmall.com\/en\/","name":"Mayaguez Mall","description":"Tu punto de encuentro","publisher":{"@id":"https:\/\/mayaguezmall.com\/en\/#organization"},"potentialAction":[{"@type":"SearchAction","target":{"@type":"EntryPoint","urlTemplate":"https:\/\/mayaguezmall.com\/en\/?s={search_term_string}"},"query-input":{"@type":"PropertyValueSpecification","valueRequired":true,"valueName":"search_term_string"}}],"inLanguage":"en-US"},{"@type":"Organization","@id":"https:\/\/mayaguezmall.com\/en\/#organization","name":"Mayaguez Mall","url":"https:\/\/mayaguezmall.com\/en\/","logo":{"@type":"ImageObject","inLanguage":"en-US","@id":"https:\/\/mayaguezmall.com\/en\/#\/schema\/logo\/image\/","url":"https:\/\/mayaguezmall.com\/wp-content\/uploads\/2025\/07\/MM-Logo-2025-Blue-Horizontal.svg","contentUrl":"https:\/\/mayaguezmall.com\/wp-content\/uploads\/2025\/07\/MM-Logo-2025-Blue-Horizontal.svg","caption":"Mayaguez Mall"},"image":{"@id":"https:\/\/mayaguezmall.com\/en\/#\/schema\/logo\/image\/"}}]}},"publishpress_future_action":{"enabled":false,"date":"2026-05-10 04:18:23","action":"change-status","newStatus":"draft","terms":[],"taxonomy":"translation_priority"},"publishpress_future_workflow_manual_trigger":{"enabledWorkflows":[]},"_links":{"self":[{"href":"https:\/\/mayaguezmall.com\/en\/wp-json\/wp\/v2\/pages\/53823","targetHints":{"allow":["GET"]}}],"collection":[{"href":"https:\/\/mayaguezmall.com\/en\/wp-json\/wp\/v2\/pages"}],"about":[{"href":"https:\/\/mayaguezmall.com\/en\/wp-json\/wp\/v2\/types\/page"}],"author":[{"embeddable":true,"href":"https:\/\/mayaguezmall.com\/en\/wp-json\/wp\/v2\/users\/10"}],"replies":[{"embeddable":true,"href":"https:\/\/mayaguezmall.com\/en\/wp-json\/wp\/v2\/comments?post=53823"}],"version-history":[{"count":0,"href":"https:\/\/mayaguezmall.com\/en\/wp-json\/wp\/v2\/pages\/53823\/revisions"}],"wp:attachment":[{"href":"https:\/\/mayaguezmall.com\/en\/wp-json\/wp\/v2\/media?parent=53823"}],"curies":[{"name":"wp","href":"https:\/\/api.w.org\/{rel}","templated":true}]}}